{"id":4927,"date":"2021-04-21T20:36:24","date_gmt":"2021-04-21T20:36:24","guid":{"rendered":"http:\/\/www.radiolimari.cl\/?page_id=4927"},"modified":"2021-04-22T11:27:46","modified_gmt":"2021-04-22T11:27:46","slug":"mision","status":"publish","type":"page","link":"https:\/\/www.radiolimari.cl\/?page_id=4927","title":{"rendered":"Misi\u00f3n"},"content":{"rendered":"<p><strong>Misi\u00f3n:<\/strong> Informar oportunamente y \u00e9ticamente las noticias m\u00e1s relevantes de la provincia de Limar\u00ed a trav\u00e9s de comunicados de prensa y programas radiales informativos online, como tambi\u00e9n entretener con buena m\u00fasica y programas radiales online a la comunidad<\/p>\n","protected":false},"excerpt":{"rendered":"<p>Misi\u00f3n: Informar oportunamente y \u00e9ticamente las noticias m\u00e1s relevantes de la provincia de Limar\u00ed a trav\u00e9s de comunicados de prensa y programas radiales informativos online, como tambi\u00e9n entretener con buena m\u00fasica y programas radiales online a la comunidad<\/p>\n","protected":false},"author":2,"featured_media":0,"parent":0,"menu_order":0,"comment_status":"open","ping_status":"open","template":"","meta":{"footnotes":""},"class_list":["post-4927","page","type-page","status-publish","hentry"],"_links":{"self":[{"href":"https:\/\/www.radiolimari.cl\/index.php?rest_route=\/wp\/v2\/pages\/4927","targetHints":{"allow":["GET"]}}],"collection":[{"href":"https:\/\/www.radiolimari.cl\/index.php?rest_route=\/wp\/v2\/pages"}],"about":[{"href":"https:\/\/www.radiolimari.cl\/index.php?rest_route=\/wp\/v2\/types\/page"}],"author":[{"embeddable":true,"href":"https:\/\/www.radiolimari.cl\/index.php?rest_route=\/wp\/v2\/users\/2"}],"replies":[{"embeddable":true,"href":"https:\/\/www.radiolimari.cl\/index.php?rest_route=%2Fwp%2Fv2%2Fcomments&post=4927"}],"version-history":[{"count":2,"href":"https:\/\/www.radiolimari.cl\/index.php?rest_route=\/wp\/v2\/pages\/4927\/revisions"}],"predecessor-version":[{"id":4943,"href":"https:\/\/www.radiolimari.cl\/index.php?rest_route=\/wp\/v2\/pages\/4927\/revisions\/4943"}],"wp:attachment":[{"href":"https:\/\/www.radiolimari.cl\/index.php?rest_route=%2Fwp%2Fv2%2Fmedia&parent=4927"}],"curies":[{"name":"wp","href":"https:\/\/api.w.org\/{rel}","templated":true}]}}